{"id":7,"date":"2015-01-16T20:04:06","date_gmt":"2015-01-16T20:04:06","guid":{"rendered":"http:\/\/evergreenservice.net\/?page_id=7"},"modified":"2023-06-16T16:31:40","modified_gmt":"2023-06-16T20:31:40","slug":"inicio","status":"publish","type":"page","link":"https:\/\/evergreenservice.net\/en\/","title":{"rendered":"Home"},"content":{"rendered":"<p><\/p>\n<h2>Environmental Services<\/h2>\n<li style=\"font-size:15px; text-align: justify;margin-left:auto;list-style: none;\">Welcome to Evergreen Service C.A.! We are the leading environmental services company in Venezuela, dedicated to providing comprehensive and sustainable solutions since 1994. With our experience and commitment to environmental preservation, we offer a wide range of services tailored to your environmental needs. From ecological waste management to innovative solutions, our experienced team ensures a cleaner and greener future for everyone. Join our mission to protect and preserve the Venezuelan environment!<\/li>\n<p><\/br><\/p>\n<hr style=\"margin-bottom: 10px;\"><\/hr>\n<p><\/br><\/p>\n<div class=\"bullets\">\n<div class=\"icon\"><a href=\"https:\/\/EvergreenService.net\/en\/advanced-technology\/\"><img loading=\"lazy\" decoding=\"async\" class=\"alignnone size-full wp-image-22\" src=\"https:\/\/EvergreenService.net\/wp-content\/uploads\/2015\/01\/icon-1.png\" alt=\"icon-1\" width=\"40\" height=\"40\"><\/a><\/div>\n<div class=\"content\">\n<h3 style=\"color: #404040!important;\"><a href=\"https:\/\/EvergreenService.net\/en\/advanced-technology\/\" style=\"color: #404040\">Advanced Technology<\/a><\/h3>\n<ul>\n<li style=\"text-align: justify;margin-left:auto;list-style: none;\">We use the most advanced eco-friendly equipment to treat hazardous waste, and we continually invest in newer and more efficient environmental technology.<\/li>\n<\/ul>\n<p><a style=\"color: #5ca20d;\" title=\"Advanced Technology\" href=\"https:\/\/EvergreenService.net\/en\/advanced-technology\/\">Read more<\/a><\/p>\n<\/div>\n<\/div>\n<div class=\"bullets\">\n<div class=\"icon\"><a href=\"https:\/\/EvergreenService.net\/en\/servicios\/\"><img loading=\"lazy\" decoding=\"async\" class=\"alignnone size-full wp-image-27\" src=\"https:\/\/EvergreenService.net\/wp-content\/uploads\/2015\/01\/icon-2.png\" alt=\"icon-2\" width=\"40\" height=\"40\"><\/a><\/div>\n<div class=\"content\">\n<h3 style=\"color: #404040!important;\"><a href=\"https:\/\/EvergreenService.net\/en\/servicios\/\" style=\"color: #404040\">Services<\/a><\/h3>\n<ul>\n<li style=\"text-align: justify;margin-left:auto;list-style: none;\">We offer a wide range of services that can be done at our clients&#8217; operation sites or at our Comprehensive Waste Management Centers (CWMCs).<\/li>\n<\/ul>\n<p><a style=\"color: #5ca20d;\" title=\"Services\" href=\"https:\/\/EvergreenService.net\/en\/servicios\/\">Read more<\/a><br \/>\n&nbsp;<\/p>\n<\/div>\n<\/div>\n<div class=\"bullets\">\n<div class=\"icon\"><a href=\"https:\/\/EvergreenService.net\/en\/world-class-facilities\/\"><img loading=\"lazy\" decoding=\"async\" class=\"alignnone wp-image-36 size-full\" src=\"https:\/\/EvergreenService.net\/wp-content\/uploads\/2015\/01\/icon-3.png\" alt=\"\" width=\"40\" height=\"40\"><\/a><\/div>\n<div class=\"content\">\n<h3 style=\"color: #404040!important;\"><a href=\"https:\/\/EvergreenService.net\/en\/world-class-facilities\/\" style=\"color: #404040\">First Class Facilities<\/a><\/h3>\n<ul>\n<li style=\"text-align: justify;margin-left:auto;list-style: none;\">Evergreen Service, C.A. has 3 centers of operations, located strategically to offer our clients our comprehensive environmental services.<\/li>\n<\/ul>\n<p><a style=\"color: #5ca20d;\" title=\"First Class Facilities<\" href=\"https:\/\/EvergreenService.net\/en\/world-class-facilities\/\">Read more<\/a><br \/>\n&nbsp;<\/p>\n<\/div>\n<\/div>\n<div class=\"bullets\">\n<div class=\"icon\"><a href=\"https:\/\/EvergreenService.net\/en\/social-responsability\/\"><img loading=\"lazy\" decoding=\"async\" class=\"alignnone size-full wp-image-37\" src=\"https:\/\/EvergreenService.net\/wp-content\/uploads\/2015\/01\/icon-4.png\" alt=\"icon-4\" width=\"40\" height=\"40\"><\/a><\/div>\n<div class=\"content\">\n<h3 style=\"color: #404040!important;\"><a href=\"https:\/\/EvergreenService.net\/en\/social-responsability\/\" style=\"color: #404040\">Social Responsibility<\/a><\/h3>\n<ul>\n<li style=\"text-align: justify;margin-left:auto;list-style: none;\">Evergreen Service, C.A. is dedicated to the social development of Venezuela, supporting local communities and social causes through partnerships, foundations, and local and national organizations.<\/li>\n<\/ul>\n<p><a style=\"color: #5ca20d;\" title=\"Responsabilidad social\" href=\"https:\/\/EvergreenService.net\/en\/social-responsability\/\">Read more<\/a><\/p>\n<\/div>\n<\/div>\n<div class=\"bullets\">\n<div class=\"icon\"><a href=\"https:\/\/EvergreenService.net\/en\/human-capital\/\"><img loading=\"lazy\" decoding=\"async\" class=\"alignnone size-full wp-image-34\" src=\"https:\/\/EvergreenService.net\/wp-content\/uploads\/2015\/01\/icon-5.png\" alt=\"icon-5\" width=\"40\" height=\"40\"><\/a><\/div>\n<div class=\"content\">\n<h3 style=\"color: #404040!important;\"><a href=\"https:\/\/EvergreenService.net\/en\/human-capital\/\" style=\"color: #404040\">Human Capital<\/a><\/h3>\n<ul>\n<li style=\"text-align: justify;margin-left:auto;list-style: none;\">Our staff is well-trained and has extensive experience managing, treating, and disposing of waste. They are trained to find innovative solutions for the challenges they face.<\/li>\n<\/ul>\n<p><a style=\"color: #5ca20d;\" title=\"Human Capital\" href=\"https:\/\/EvergreenService.net\/en\/human-capital\/\">Read more<\/a><\/p>\n<\/div>\n<\/div>\n<div class=\"bullets\">\n<div class=\"icon\"><a href=\"https:\/\/EvergreenService.net\/en\/venezuelan-roots\"><img loading=\"lazy\" decoding=\"async\" class=\"alignnone size-full wp-image-35\" src=\"https:\/\/EvergreenService.net\/wp-content\/uploads\/2015\/01\/icon-6.png\" alt=\"icon-6\" width=\"40\" height=\"40\"><\/a><\/div>\n<div class=\"content\">\n<h3 style=\"\/\/color: #404040!important;\"><a href=\"https:\/\/EvergreenService.net\/en\/venezuelan-roots\/\" style=\"color: #404040\">Venezuelan Roots<\/a><\/h3>\n<ul>\n<li style=\"text-align: justify;margin-left:auto;list-style: none;\">Evergreen Service, C.A. is a company proudly founded in Venezuela in 1994. We have been dedicated for 29 years to the maintenance and stability of the Venezuelan ecosystem. The company works for the conservation of the environment for the Venezuelan people.<\/li>\n<\/ul>\n<p><a style=\"color: #5ca20d;\" title=\"Venezuelan Roots\" href=\"https:\/\/EvergreenService.net\/en\/venezuelan-roots\/\">Read more<\/a><\/p>\n<\/div>\n<\/div>\n<p><\/p>","protected":false},"excerpt":{"rendered":"<p>Environmental Services Welcome to Evergreen Service C.A.! We are the leading environmental services company in Venezuela, dedicated to providing comprehensive and sustainable solutions since 1994. With our experience and commitment to environmental preservation, we offer a wide range of services tailored to your environmental needs. From ecological waste management to innovative solutions, our experienced team<\/p>\n","protected":false},"author":1,"featured_media":0,"parent":0,"menu_order":18,"comment_status":"closed","ping_status":"closed","template":"template-home-flex.php","meta":{"_acf_changed":false,"footnotes":""},"class_list":["post-7","page","type-page","status-publish","hentry"],"acf":[],"yoast_head":"<!-- This site is optimized with the Yoast SEO Premium plugin v21.5 (Yoast SEO v25.4) - https:\/\/yoast.com\/wordpress\/plugins\/seo\/ -->\n<title>Servicios Ambientales - EVERGREEN SERVICE C.A. - Home -<\/title>\n<meta name=\"description\" content=\"Evergreen Service, C.A. es la empresa l\u00edder en servicios ambientales y tecnolog\u00eda ambiental en Venezuela, desde el a\u00f1o 1994!\" \/>\n<meta name=\"robots\" content=\"index, follow, max-snippet:-1, max-image-preview:large, max-video-preview:-1\" \/>\n<link rel=\"canonical\" href=\"https:\/\/evergreenservice.net\/en\/\" \/>\n<meta property=\"og:locale\" content=\"en_US\" \/>\n<meta property=\"og:type\" content=\"article\" \/>\n<meta property=\"og:title\" content=\"Inicio\" \/>\n<meta property=\"og:description\" content=\"Evergreen Service, C.A. es la empresa l\u00edder en servicios ambientales y tecnolog\u00eda ambiental en Venezuela, desde el a\u00f1o 1994!\" \/>\n<meta property=\"og:url\" content=\"https:\/\/evergreenservice.net\/en\/\" \/>\n<meta property=\"og:site_name\" content=\"EVERGREEN SERVICE C.A.\" \/>\n<meta property=\"article:modified_time\" content=\"2023-06-16T20:31:40+00:00\" \/>\n<meta property=\"og:image\" content=\"https:\/\/evergreenservice.net\/wp-content\/uploads\/2023\/06\/EVERGREEN-LOGO-small-svg.png\" \/>\n\t<meta property=\"og:image:width\" content=\"696\" \/>\n\t<meta property=\"og:image:height\" content=\"696\" \/>\n\t<meta property=\"og:image:type\" content=\"image\/png\" \/>\n<meta name=\"twitter:card\" content=\"summary_large_image\" \/>\n<meta name=\"twitter:title\" content=\"Home\" \/>\n<meta name=\"twitter:image\" content=\"https:\/\/evergreenservice.net\/wp-content\/uploads\/2023\/06\/EVERGREEN-LOGO-small-svg.png\" \/>\n<meta name=\"twitter:label1\" content=\"Est. reading time\" \/>\n\t<meta name=\"twitter:data1\" content=\"5 minutes\" \/>\n<script type=\"application\/ld+json\" class=\"yoast-schema-graph\">{\"@context\":\"https:\/\/schema.org\",\"@graph\":[{\"@type\":\"WebPage\",\"@id\":\"https:\/\/evergreenservice.net\/en\/\",\"url\":\"https:\/\/evergreenservice.net\/en\/\",\"name\":\"Servicios Ambientales - EVERGREEN SERVICE C.A. - Home -\",\"isPartOf\":{\"@id\":\"https:\/\/evergreenservice.net\/en\/#website\"},\"primaryImageOfPage\":{\"@id\":\"https:\/\/evergreenservice.net\/en\/#primaryimage\"},\"image\":{\"@id\":\"https:\/\/evergreenservice.net\/#primaryimage\"},\"thumbnailUrl\":\"https:\/\/EvergreenService.net\/wp-content\/uploads\/2015\/01\/icon-1.png\",\"datePublished\":\"2015-01-16T20:04:06+00:00\",\"dateModified\":\"2023-06-16T20:31:40+00:00\",\"description\":\"Evergreen Service, C.A. es la empresa l\u00edder en servicios ambientales y tecnolog\u00eda ambiental en Venezuela, desde el a\u00f1o 1994!\",\"breadcrumb\":{\"@id\":\"https:\/\/evergreenservice.net\/en\/#breadcrumb\"},\"inLanguage\":\"en-US\",\"potentialAction\":[{\"@type\":\"ReadAction\",\"target\":[[\"https:\/\/evergreenservice.net\/en\/\"]]}]},{\"@type\":\"ImageObject\",\"inLanguage\":\"en-US\",\"@id\":\"https:\/\/evergreenservice.net\/en\/#primaryimage\",\"url\":\"https:\/\/EvergreenService.net\/wp-content\/uploads\/2015\/01\/icon-1.png\",\"contentUrl\":\"https:\/\/EvergreenService.net\/wp-content\/uploads\/2015\/01\/icon-1.png\"},{\"@type\":\"BreadcrumbList\",\"@id\":\"https:\/\/evergreenservice.net\/en\/#breadcrumb\",\"itemListElement\":[{\"@type\":\"ListItem\",\"position\":1,\"name\":\"Portada\",\"item\":\"https:\/\/evergreenservice.net\/en\/\"},{\"@type\":\"ListItem\",\"position\":2,\"name\":\"Inicio\"}]},{\"@type\":\"WebSite\",\"@id\":\"https:\/\/evergreenservice.net\/en\/#website\",\"url\":\"https:\/\/evergreenservice.net\/en\/\",\"name\":\"EVERGREEN SERVICE C.A.\",\"description\":\"\",\"publisher\":{\"@id\":\"https:\/\/evergreenservice.net\/en\/#organization\"},\"potentialAction\":[{\"@type\":\"SearchAction\",\"target\":{\"@type\":\"EntryPoint\",\"urlTemplate\":\"https:\/\/evergreenservice.net\/en\/?s={search_term_string}\"},\"query-input\":{\"@type\":\"PropertyValueSpecification\",\"valueRequired\":true,\"valueName\":\"search_term_string\"}}],\"inLanguage\":\"en-US\"},{\"@type\":\"Organization\",\"@id\":\"https:\/\/evergreenservice.net\/en\/#organization\",\"name\":\"Evergreen Service C.A.\",\"url\":\"https:\/\/evergreenservice.net\/en\/\",\"logo\":{\"@type\":\"ImageObject\",\"inLanguage\":\"en-US\",\"@id\":\"https:\/\/evergreenservice.net\/en\/#\/schema\/logo\/image\/\",\"url\":\"https:\/\/evergreenservice.net\/wp-content\/uploads\/2023\/04\/EVERGREEN-LOGO-small.svg\",\"contentUrl\":\"https:\/\/evergreenservice.net\/wp-content\/uploads\/2023\/04\/EVERGREEN-LOGO-small.svg\",\"width\":696,\"height\":696,\"caption\":\"Evergreen Service C.A.\"},\"image\":{\"@id\":\"https:\/\/evergreenservice.net\/en\/#\/schema\/logo\/image\/\"},\"sameAs\":[\"https:\/\/instagram.com\/evergreen_service_ca\"]}]}<\/script>\n<!-- \/ Yoast SEO Premium plugin. -->","yoast_head_json":{"title":"Servicios Ambientales - EVERGREEN SERVICE C.A. - Home -","description":"Evergreen Service, C.A. es la empresa l\u00edder en servicios ambientales y tecnolog\u00eda ambiental en Venezuela, desde el a\u00f1o 1994!","robots":{"index":"index","follow":"follow","max-snippet":"max-snippet:-1","max-image-preview":"max-image-preview:large","max-video-preview":"max-video-preview:-1"},"canonical":"https:\/\/evergreenservice.net\/en\/","og_locale":"en_US","og_type":"article","og_title":"Inicio","og_description":"Evergreen Service, C.A. es la empresa l\u00edder en servicios ambientales y tecnolog\u00eda ambiental en Venezuela, desde el a\u00f1o 1994!","og_url":"https:\/\/evergreenservice.net\/en\/","og_site_name":"EVERGREEN SERVICE C.A.","article_modified_time":"2023-06-16T20:31:40+00:00","og_image":[{"width":696,"height":696,"url":"https:\/\/evergreenservice.net\/wp-content\/uploads\/2023\/06\/EVERGREEN-LOGO-small-svg.png","type":"image\/png"}],"twitter_card":"summary_large_image","twitter_title":"Home","twitter_image":"https:\/\/evergreenservice.net\/wp-content\/uploads\/2023\/06\/EVERGREEN-LOGO-small-svg.png","twitter_misc":{"Est. reading time":"5 minutes"},"schema":{"@context":"https:\/\/schema.org","@graph":[{"@type":"WebPage","@id":"https:\/\/evergreenservice.net\/en\/","url":"https:\/\/evergreenservice.net\/en\/","name":"Servicios Ambientales - EVERGREEN SERVICE C.A. - Home -","isPartOf":{"@id":"https:\/\/evergreenservice.net\/en\/#website"},"primaryImageOfPage":{"@id":"https:\/\/evergreenservice.net\/en\/#primaryimage"},"image":{"@id":"https:\/\/evergreenservice.net\/#primaryimage"},"thumbnailUrl":"https:\/\/EvergreenService.net\/wp-content\/uploads\/2015\/01\/icon-1.png","datePublished":"2015-01-16T20:04:06+00:00","dateModified":"2023-06-16T20:31:40+00:00","description":"Evergreen Service, C.A. es la empresa l\u00edder en servicios ambientales y tecnolog\u00eda ambiental en Venezuela, desde el a\u00f1o 1994!","breadcrumb":{"@id":"https:\/\/evergreenservice.net\/en\/#breadcrumb"},"inLanguage":"en-US","potentialAction":[{"@type":"ReadAction","target":[["https:\/\/evergreenservice.net\/en\/"]]}]},{"@type":"ImageObject","inLanguage":"en-US","@id":"https:\/\/evergreenservice.net\/en\/#primaryimage","url":"https:\/\/EvergreenService.net\/wp-content\/uploads\/2015\/01\/icon-1.png","contentUrl":"https:\/\/EvergreenService.net\/wp-content\/uploads\/2015\/01\/icon-1.png"},{"@type":"BreadcrumbList","@id":"https:\/\/evergreenservice.net\/en\/#breadcrumb","itemListElement":[{"@type":"ListItem","position":1,"name":"Portada","item":"https:\/\/evergreenservice.net\/en\/"},{"@type":"ListItem","position":2,"name":"Inicio"}]},{"@type":"WebSite","@id":"https:\/\/evergreenservice.net\/en\/#website","url":"https:\/\/evergreenservice.net\/en\/","name":"EVERGREEN SERVICE C.A.","description":"","publisher":{"@id":"https:\/\/evergreenservice.net\/en\/#organization"},"potentialAction":[{"@type":"SearchAction","target":{"@type":"EntryPoint","urlTemplate":"https:\/\/evergreenservice.net\/en\/?s={search_term_string}"},"query-input":{"@type":"PropertyValueSpecification","valueRequired":true,"valueName":"search_term_string"}}],"inLanguage":"en-US"},{"@type":"Organization","@id":"https:\/\/evergreenservice.net\/en\/#organization","name":"Evergreen Service C.A.","url":"https:\/\/evergreenservice.net\/en\/","logo":{"@type":"ImageObject","inLanguage":"en-US","@id":"https:\/\/evergreenservice.net\/en\/#\/schema\/logo\/image\/","url":"https:\/\/evergreenservice.net\/wp-content\/uploads\/2023\/04\/EVERGREEN-LOGO-small.svg","contentUrl":"https:\/\/evergreenservice.net\/wp-content\/uploads\/2023\/04\/EVERGREEN-LOGO-small.svg","width":696,"height":696,"caption":"Evergreen Service C.A."},"image":{"@id":"https:\/\/evergreenservice.net\/en\/#\/schema\/logo\/image\/"},"sameAs":["https:\/\/instagram.com\/evergreen_service_ca"]}]}},"_links":{"self":[{"href":"https:\/\/evergreenservice.net\/en\/wp-json\/wp\/v2\/pages\/7","targetHints":{"allow":["GET"]}}],"collection":[{"href":"https:\/\/evergreenservice.net\/en\/wp-json\/wp\/v2\/pages"}],"about":[{"href":"https:\/\/evergreenservice.net\/en\/wp-json\/wp\/v2\/types\/page"}],"author":[{"embeddable":true,"href":"https:\/\/evergreenservice.net\/en\/wp-json\/wp\/v2\/users\/1"}],"replies":[{"embeddable":true,"href":"https:\/\/evergreenservice.net\/en\/wp-json\/wp\/v2\/comments?post=7"}],"version-history":[{"count":224,"href":"https:\/\/evergreenservice.net\/en\/wp-json\/wp\/v2\/pages\/7\/revisions"}],"predecessor-version":[{"id":3957,"href":"https:\/\/evergreenservice.net\/en\/wp-json\/wp\/v2\/pages\/7\/revisions\/3957"}],"wp:attachment":[{"href":"https:\/\/evergreenservice.net\/en\/wp-json\/wp\/v2\/media?parent=7"}],"curies":[{"name":"wp","href":"https:\/\/api.w.org\/{rel}","templated":true}]}}